{"id":150,"date":"2017-07-26T12:52:47","date_gmt":"2017-07-26T12:52:47","guid":{"rendered":"http:\/\/oekologische-gutachten-handke.de\/?page_id=150"},"modified":"2017-07-26T12:52:47","modified_gmt":"2017-07-26T12:52:47","slug":"gutachten","status":"publish","type":"page","link":"http:\/\/oekologische-gutachten-handke.de\/?page_id=150","title":{"rendered":"Gutachten"},"content":{"rendered":"<h5><span style=\"color: #008000;\">Gutachten<\/span><\/h5>\n<p align=\"justify\">Der Schwerpunkt unserer Arbeit liegt auf der Erstellung \u00f6kologischer Fachgutachten, wie Pflege- und Entwicklungspl\u00e4nen und Eingriffs-bewertungen (z.B. die Beurteilung von Windkraftstandorten). Seit 1985 erstellten wir \u00fcber 500 Fachgutachten. Im Folgenden erhalten Sie einen Einblick in ausgew\u00e4hlte Gutachten.<\/p>\n<p align=\"justify\"><a href=\"http:\/\/oekologische-gutachten-handke.de\/wp-content\/uploads\/2017\/07\/Gutachten1.pdf\">HANDKE, K. &amp; M. Reichenbach (2007): Bird Impact Assessment for Penbreck Windfarm South Lanarkshire i.A. von R\u00fcdiger von Pezold<\/a><\/p>\n<p align=\"justify\"><a href=\"http:\/\/oekologische-gutachten-handke.de\/wp-content\/uploads\/2017\/07\/Gutachten2.pdf\">HANDKE, K. (2004): Landschafts\u00f6kologische Untersuchungen im Bereich des Golfplatzes in Achim. Ein Vergleich mit der Umgebung und dem Ausgangszustand 1995\/96. i.A. Golfplatz Wittkoppenberg GmbH &amp; Co. Projektgesellschaft KG. <\/a><\/p>\n<p align=\"justify\"><a href=\"http:\/\/oekologische-gutachten-handke.de\/wp-content\/uploads\/2017\/07\/Gutachten5.pdf\">HANDKE, K. &amp; A. Tesch (2006): Pflege- und Managementplan Niedervieland. i.A. des Senators f\u00fcr Bau, Umwelt und Verkehr und der Hanseatischen Naturentwicklung GmbH.<\/a><\/p>\n<p align=\"justify\"><a href=\"http:\/\/oekologische-gutachten-handke.de\/wp-content\/uploads\/2017\/07\/Gutachten6.pdf\">HANDKE, K. (2006): Untersuchungen zur Raumnutzung des Schwarzstorchpaares aus dem Wiegerser Forst (Gemeinde Wohnste, Landkreis Rotenburg).<\/a><\/p>\n","protected":false},"excerpt":{"rendered":"<p>Gutachten Der Schwerpunkt unserer Arbeit liegt auf der Erstellung \u00f6kologischer Fachgutachten, wie Pflege- und Entwicklungspl\u00e4nen und Eingriffs-bewertungen (z.B. die Beurteilung von Windkraftstandorten). Seit 1985 erstellten wir \u00fcber 500 Fachgutachten. Im Folgenden erhalten Sie einen Einblick in ausgew\u00e4hlte Gutachten. HANDKE, K. &amp; M. Reichenbach (2007): Bird Impact Assessment for Penbreck Windfarm South Lanarkshire i.A. von R\u00fcdiger &hellip; <\/p>\n<p class=\"link-more\"><a href=\"http:\/\/oekologische-gutachten-handke.de\/?page_id=150\" class=\"more-link\"><span class=\"screen-reader-text\">\u201eGutachten\u201c<\/span> weiterlesen<\/a><\/p>\n","protected":false},"author":1,"featured_media":0,"parent":15,"menu_order":0,"comment_status":"closed","ping_status":"closed","template":"","meta":[],"_links":{"self":[{"href":"http:\/\/oekologische-gutachten-handke.de\/index.php?rest_route=\/wp\/v2\/pages\/150"}],"collection":[{"href":"http:\/\/oekologische-gutachten-handke.de\/index.php?rest_route=\/wp\/v2\/pages"}],"about":[{"href":"http:\/\/oekologische-gutachten-handke.de\/index.php?rest_route=\/wp\/v2\/types\/page"}],"author":[{"embeddable":true,"href":"http:\/\/oekologische-gutachten-handke.de\/index.php?rest_route=\/wp\/v2\/users\/1"}],"replies":[{"embeddable":true,"href":"http:\/\/oekologische-gutachten-handke.de\/index.php?rest_route=%2Fwp%2Fv2%2Fcomments&post=150"}],"version-history":[{"count":2,"href":"http:\/\/oekologische-gutachten-handke.de\/index.php?rest_route=\/wp\/v2\/pages\/150\/revisions"}],"predecessor-version":[{"id":154,"href":"http:\/\/oekologische-gutachten-handke.de\/index.php?rest_route=\/wp\/v2\/pages\/150\/revisions\/154"}],"up":[{"embeddable":true,"href":"http:\/\/oekologische-gutachten-handke.de\/index.php?rest_route=\/wp\/v2\/pages\/15"}],"wp:attachment":[{"href":"http:\/\/oekologische-gutachten-handke.de\/index.php?rest_route=%2Fwp%2Fv2%2Fmedia&parent=150"}],"curies":[{"name":"wp","href":"https:\/\/api.w.org\/{rel}","templated":true}]}}