{"id":152,"date":"2017-07-26T12:52:36","date_gmt":"2017-07-26T12:52:36","guid":{"rendered":"http:\/\/oekologische-gutachten-handke.de\/?page_id=152"},"modified":"2017-09-01T13:27:28","modified_gmt":"2017-09-01T13:27:28","slug":"forschungsprojekte","status":"publish","type":"page","link":"http:\/\/oekologische-gutachten-handke.de\/?page_id=152","title":{"rendered":"Forschungsprojekte"},"content":{"rendered":"<p align=\"justify\">In Kooperation mit Umweltverb\u00e4nden und Universit\u00e4ten f\u00fchrt unser B\u00fcro regelm\u00e4\u00dfig Forschungsvorhaben durch. Die Forschungsprojekte erfolgen unter anderem im Auftrag der Bremer Umweltbeh\u00f6rde, des Bundesamtes f\u00fcr Naturschutz und der Deutschen Bundesstiftung Umwelt.<\/p>\n<h5 align=\"justify\"><span style=\"color: #008000;\">Forschungsthemen<\/span><\/h5>\n<ul>\n<li>Auswirkungen von Klima\u00e4nderungen auf die Fauna<\/li>\n<li>Fauna von Salzwiesen, Auen, W\u00e4ldern, Hecken, Kleingew\u00e4ssern, Sandfl\u00e4chen und Feuchtgr\u00fcnland<\/li>\n<li>Auswirkungen von Randstreifen auf die Gr\u00fcnlandfauna<\/li>\n<li>Auswirkungen von Nutzungen\/Pflegema\u00dfnahmen (kontrolliertes Brennen, Beweidung, Mahd) auf die Fauna<\/li>\n<li>Auswirkungen von Vern\u00e4ssung und \u00dcberstauung auf die Fauna<\/li>\n<li>Auswirkungen von Windenergieanlagen auf Brut- und Rastv\u00f6gel und Flederm\u00e4use<\/li>\n<li>Anwendung tier\u00f6kologischer Daten in der Planung<\/li>\n<\/ul>\n<h5><span style=\"color: #008000;\">Auswahl an Forschungsprojekten<\/span><\/h5>\n<p align=\"justify\"><a href=\"http:\/\/oekologische-gutachten-handke.de\/wp-content\/uploads\/2017\/07\/Forschungsprojekt1.pdf\">HANDKE, K., H\u00d6LZEL, N., BISSELS, S., DONATH, T.W., HARNISCH, M. &amp; A. OTTE (2001-2004): Erprobung und Entwicklung von Verfahren zur Renaturierung und integrierten landwirtschaftlichen Nutzung von Stromtalwiesen am hessischen Oberrhein (Gemeinde Riedstadt, Lkr. Gro\u00df-Gerau, Hessen)&#8220;. Ver\u00f6ffentlicht in Natur &amp; Landschaft 81(12).<\/a><\/p>\n<p align=\"justify\"><a href=\"http:\/\/oekologische-gutachten-handke.de\/wp-content\/uploads\/2017\/07\/Forschungsprojekt2.pdf\">HANDKE, K., HANDKE, P., LOPAU, J., ABENDROTH, M. &amp; O.D. FINCH (2006-2008): Modellhafte Entwicklung flussbegleitender Sandrasen durch Beweidung &#8211; Zoologische Untersuchungen auf der Lankenauer Weserinsel (Bremen)<\/a><\/p>\n<p align=\"justify\"><a href=\"http:\/\/oekologische-gutachten-handke.de\/wp-content\/uploads\/2017\/07\/Forschungsprojekt3.pdf\">HANDKE, K., SCHMIEDE, R., HARNISCH, M., DONATH, T.W. &amp; A. OTTE (2006-2009): Grundlagen f\u00fcr ein Handlungskonzept zur floristischen und faunistischen Anreicherung artenarmer Auenwiesen (Zusammenfassung).<\/a><\/p>\n<p align=\"justify\"><a href=\"http:\/\/oekologische-gutachten-handke.de\/wp-content\/uploads\/2017\/07\/Forschungsprojekt4.pdf\">HANDKE, K., BERNHARDT, K.-G., KOCH, M., LAUBHANN, D., BERG, H.-M., DUDA, M., H\u00d6TTINGER, H., KLEPSCH, R., PINTAR, M. &amp; H. SCHEDL (2005): Anwendungsm\u00f6glichkeit eines Zielartenkonzepts in einem nieder\u00f6sterreichischen Weinbaugebiet: Pflege und Erhalt von Weinbergsb\u00f6schungen. Ver\u00f6ffentlicht in Naturschutz und Landschaftsplanung 37(7). <\/a><\/p>\n","protected":false},"excerpt":{"rendered":"<p>In Kooperation mit Umweltverb\u00e4nden und Universit\u00e4ten f\u00fchrt unser B\u00fcro regelm\u00e4\u00dfig Forschungsvorhaben durch. Die Forschungsprojekte erfolgen unter anderem im Auftrag der Bremer Umweltbeh\u00f6rde, des Bundesamtes f\u00fcr Naturschutz und der Deutschen Bundesstiftung Umwelt. Forschungsthemen Auswirkungen von Klima\u00e4nderungen auf die Fauna Fauna von Salzwiesen, Auen, W\u00e4ldern, Hecken, Kleingew\u00e4ssern, Sandfl\u00e4chen und Feuchtgr\u00fcnland Auswirkungen von Randstreifen auf die Gr\u00fcnlandfauna Auswirkungen &hellip; <\/p>\n<p class=\"link-more\"><a href=\"http:\/\/oekologische-gutachten-handke.de\/?page_id=152\" class=\"more-link\"><span class=\"screen-reader-text\">\u201eForschungsprojekte\u201c<\/span> weiterlesen<\/a><\/p>\n","protected":false},"author":1,"featured_media":0,"parent":15,"menu_order":0,"comment_status":"closed","ping_status":"closed","template":"","meta":[],"_links":{"self":[{"href":"http:\/\/oekologische-gutachten-handke.de\/index.php?rest_route=\/wp\/v2\/pages\/152"}],"collection":[{"href":"http:\/\/oekologische-gutachten-handke.de\/index.php?rest_route=\/wp\/v2\/pages"}],"about":[{"href":"http:\/\/oekologische-gutachten-handke.de\/index.php?rest_route=\/wp\/v2\/types\/page"}],"author":[{"embeddable":true,"href":"http:\/\/oekologische-gutachten-handke.de\/index.php?rest_route=\/wp\/v2\/users\/1"}],"replies":[{"embeddable":true,"href":"http:\/\/oekologische-gutachten-handke.de\/index.php?rest_route=%2Fwp%2Fv2%2Fcomments&post=152"}],"version-history":[{"count":4,"href":"http:\/\/oekologische-gutachten-handke.de\/index.php?rest_route=\/wp\/v2\/pages\/152\/revisions"}],"predecessor-version":[{"id":235,"href":"http:\/\/oekologische-gutachten-handke.de\/index.php?rest_route=\/wp\/v2\/pages\/152\/revisions\/235"}],"up":[{"embeddable":true,"href":"http:\/\/oekologische-gutachten-handke.de\/index.php?rest_route=\/wp\/v2\/pages\/15"}],"wp:attachment":[{"href":"http:\/\/oekologische-gutachten-handke.de\/index.php?rest_route=%2Fwp%2Fv2%2Fmedia&parent=152"}],"curies":[{"name":"wp","href":"https:\/\/api.w.org\/{rel}","templated":true}]}}