{"id":162,"date":"2017-07-26T13:10:29","date_gmt":"2017-07-26T13:10:29","guid":{"rendered":"http:\/\/oekologische-gutachten-handke.de\/?page_id=162"},"modified":"2021-12-13T12:04:12","modified_gmt":"2021-12-13T12:04:12","slug":"projektbeispiele","status":"publish","type":"page","link":"http:\/\/oekologische-gutachten-handke.de\/?page_id=162","title":{"rendered":"Projektbeispiele"},"content":{"rendered":"<h5><span style=\"color: #008000;\">Projektbeispiel: Vorgehensweise zur Risikominimierung bei Bauvorhaben<\/span><\/h5>\n<ol>\n<li style=\"padding-left: 30px;\">F\u00fcr die Erschlie\u00dfung eines Baugebietes werden Maximalforderungen erarbeitet, um Eingriffe in die Natur zu vermeiden. Grundlage daf\u00fcr ist eine Grobbegehung und eine Sichtung vorhandener Unterlagen<\/li>\n<li style=\"padding-left: 30px;\">Ausarbeitung eines Kataloges \u00fcber die m\u00f6glichen naturschutzrelevanten Fragen entsprechend der gesetzlichen Bestimmungen und des \u00f6ffentlichen Bewusstseins.<\/li>\n<li style=\"padding-left: 30px;\">Festlegung der Methodik zur Erstellung eines \u00f6kologischen Gutachtens, das zur Erwirkung einer Baugenehmigung ben\u00f6tigt wird sowie Abstimmung mit Auftraggeber und Genehmigungsbeh\u00f6rden.<\/li>\n<li style=\"padding-left: 30px;\">Begleitung des Projektes w\u00e4hrend der Bauvorbereitung und der gesamten Bauphase mit \u00f6kologischem Sachverstand.<\/li>\n<\/ol>\n<h5><span style=\"color: #008000;\"><b>Projektbeispiel: Konzeption und Begleitung von Ausgleichs- und Ersatzma\u00dfnahmen<\/b><\/span><\/h5>\n<ol>\n<li style=\"padding-left: 30px;\">Hilfestellung bei der Suche und Beurteilung von geforderten Ausgleichfl\u00e4chen und Ersatzma\u00dfnahmen und Gestaltung dieser Fl\u00e4chen nach \u00f6kologischen Gesichtspunkten.<\/li>\n<li style=\"padding-left: 30px;\">Konzeption solcher Fl\u00e4chen in enger Zusammenarbeit mit Beh\u00f6rden und Verb\u00e4nden.<\/li>\n<li style=\"padding-left: 30px;\">Durchf\u00fchrung von Veranstaltungen zur Erl\u00e4uterung der anstehenden \u00f6kologischen Fragen zur Vorbereitung und Aufbereitung solcher Projekte.<\/li>\n<li style=\"padding-left: 30px;\">Betreuung und Evaluierung dieser Ma\u00dfnahmen zur Vermeidung von Fehlentwicklungen.<\/li>\n<\/ol>\n","protected":false},"excerpt":{"rendered":"<p>Projektbeispiel: Vorgehensweise zur Risikominimierung bei Bauvorhaben F\u00fcr die Erschlie\u00dfung eines Baugebietes werden Maximalforderungen erarbeitet, um Eingriffe in die Natur zu vermeiden. Grundlage daf\u00fcr ist eine Grobbegehung und eine Sichtung vorhandener Unterlagen Ausarbeitung eines Kataloges \u00fcber die m\u00f6glichen naturschutzrelevanten Fragen entsprechend der gesetzlichen Bestimmungen und des \u00f6ffentlichen Bewusstseins. Festlegung der Methodik zur Erstellung eines \u00f6kologischen Gutachtens, &hellip; <\/p>\n<p class=\"link-more\"><a href=\"http:\/\/oekologische-gutachten-handke.de\/?page_id=162\" class=\"more-link\"><span class=\"screen-reader-text\">\u201eProjektbeispiele\u201c<\/span> weiterlesen<\/a><\/p>\n","protected":false},"author":1,"featured_media":0,"parent":15,"menu_order":0,"comment_status":"closed","ping_status":"closed","template":"","meta":[],"_links":{"self":[{"href":"http:\/\/oekologische-gutachten-handke.de\/index.php?rest_route=\/wp\/v2\/pages\/162"}],"collection":[{"href":"http:\/\/oekologische-gutachten-handke.de\/index.php?rest_route=\/wp\/v2\/pages"}],"about":[{"href":"http:\/\/oekologische-gutachten-handke.de\/index.php?rest_route=\/wp\/v2\/types\/page"}],"author":[{"embeddable":true,"href":"http:\/\/oekologische-gutachten-handke.de\/index.php?rest_route=\/wp\/v2\/users\/1"}],"replies":[{"embeddable":true,"href":"http:\/\/oekologische-gutachten-handke.de\/index.php?rest_route=%2Fwp%2Fv2%2Fcomments&post=162"}],"version-history":[{"count":5,"href":"http:\/\/oekologische-gutachten-handke.de\/index.php?rest_route=\/wp\/v2\/pages\/162\/revisions"}],"predecessor-version":[{"id":408,"href":"http:\/\/oekologische-gutachten-handke.de\/index.php?rest_route=\/wp\/v2\/pages\/162\/revisions\/408"}],"up":[{"embeddable":true,"href":"http:\/\/oekologische-gutachten-handke.de\/index.php?rest_route=\/wp\/v2\/pages\/15"}],"wp:attachment":[{"href":"http:\/\/oekologische-gutachten-handke.de\/index.php?rest_route=%2Fwp%2Fv2%2Fmedia&parent=162"}],"curies":[{"name":"wp","href":"https:\/\/api.w.org\/{rel}","templated":true}]}}