{"id":21,"date":"2017-07-26T07:18:34","date_gmt":"2017-07-26T07:18:34","guid":{"rendered":"http:\/\/oekologische-gutachten-handke.de\/?page_id=21"},"modified":"2018-05-18T09:43:41","modified_gmt":"2018-05-18T09:43:41","slug":"auftraggeber","status":"publish","type":"page","link":"http:\/\/oekologische-gutachten-handke.de\/?page_id=21","title":{"rendered":"Auftraggeber"},"content":{"rendered":"<p><span style=\"color: #000000;\">Zu unseren Auftraggebern z\u00e4hlen:<\/span><\/p>\n<h5><span style=\"color: #008000;\">Universit\u00e4ten<\/span><\/h5>\n<ul>\n<li>Universit\u00e4t Gie\u00dfen (FB Agrarwissenschaften und Umweltmanagement)<\/li>\n<li>Universit\u00e4t f\u00fcr Bodenkultur (BOKU) in Wien (FB Botanik)<\/li>\n<li>Universit\u00e4t Hannover<\/li>\n<\/ul>\n<h5><span style=\"color: #008000;\">Landesbeh\u00f6rden<\/span><\/h5>\n<ul>\n<li>Naturschutzbeh\u00f6rden des Bundeslandes Bremen und des Saarlandes<\/li>\n<li>Landesamt f\u00fcr Umweltschutz in Rheinland-Pfalz<\/li>\n<li>Amt f\u00fcr Stra\u00dfen- und Br\u00fcckenbau des Landes Bremen<\/li>\n<\/ul>\n<h5><span style=\"color: #008000;\">Gemeinden und St\u00e4dte<\/span><\/h5>\n<ul>\n<li>Delmenhorst<\/li>\n<li>Oldenburg<\/li>\n<li>Bremen<\/li>\n<li>M\u00fcnster<\/li>\n<li>Ganderkesee<\/li>\n<li>Lohne<\/li>\n<\/ul>\n<h5><span style=\"color: #008000;\">Planungs- und Gutachterb\u00fcros<\/span><\/h5>\n<ul>\n<li>planungsgruppe gr\u00fcn, Bremen und Frieschenmoor\/Wesermarsch<\/li>\n<li>Planungsb\u00fcro Tesch &#8211; WBNL, Bremen<\/li>\n<li>Kortemeier Brokmann Landschaftsarchitekten GmbH<\/li>\n<li>Diekmann Mosebach &amp; Partner<\/li>\n<li>K\u00f6lling &amp; Tesch Umweltplanung, Bremen<\/li>\n<li>reon AG<\/li>\n<li>PlanForum Nord GmbH, Gro\u00dfenkneten<\/li>\n<li>ARSU GmbH Oldenburg<\/li>\n<li>NWP Oldenburg<\/li>\n<li>AG f\u00fcr Tier\u00f6kologie und Planung, Filderstadt<\/li>\n<\/ul>\n<h5><span style=\"color: #008000;\">Umweltverb\u00e4nde<\/span><\/h5>\n<ul>\n<li>Stiftung Nordwest Natur, Bremen<\/li>\n<\/ul>\n<h5><span style=\"color: #008000;\">Private Investoren, Firmen und Gesellschaften<br \/>\n<\/span><\/h5>\n<ul>\n<li>Hanseatische Naturentwicklungsgesellschaft Bremen (haneg)<\/li>\n<li>EWE Erneuerbare Energien, Oldenburg<\/li>\n<li>Seniorenpark Bremen-Hemelingen II GmbH &amp; Co. KG<\/li>\n<li>E. Kamping, Barnstorf<\/li>\n<li>J. Werner, Deinste<\/li>\n<li>D. Schr\u00f6der, Wiefelstede<\/li>\n<li>D. Ihmels, Varel<\/li>\n<li>D. Beverborg, Casa Projekt GmbH<\/li>\n<\/ul>\n<h5><span style=\"color: #008000;\">Zu unseren langj\u00e4hrigen Kooperationspartnern geh\u00f6ren:<\/span><\/h5>\n<ul>\n<li>planungsgruppe gr\u00fcn &#8211; B\u00fcro f\u00fcr Stadt- und Landschaftsplanung,<br \/>\nBremen und Wesermarsch<\/li>\n<li>ARSU &#8211; Arbeitsgemeinschaft f\u00fcr regionale Struktur- und Umweltforschung GmbH, Oldenburg<\/li>\n<\/ul>\n","protected":false},"excerpt":{"rendered":"<p>Zu unseren Auftraggebern z\u00e4hlen: Universit\u00e4ten Universit\u00e4t Gie\u00dfen (FB Agrarwissenschaften und Umweltmanagement) Universit\u00e4t f\u00fcr Bodenkultur (BOKU) in Wien (FB Botanik) Universit\u00e4t Hannover Landesbeh\u00f6rden Naturschutzbeh\u00f6rden des Bundeslandes Bremen und des Saarlandes Landesamt f\u00fcr Umweltschutz in Rheinland-Pfalz Amt f\u00fcr Stra\u00dfen- und Br\u00fcckenbau des Landes Bremen Gemeinden und St\u00e4dte Delmenhorst Oldenburg Bremen M\u00fcnster Ganderkesee Lohne Planungs- und Gutachterb\u00fcros planungsgruppe &hellip; <\/p>\n<p class=\"link-more\"><a href=\"http:\/\/oekologische-gutachten-handke.de\/?page_id=21\" class=\"more-link\"><span class=\"screen-reader-text\">\u201eAuftraggeber\u201c<\/span> weiterlesen<\/a><\/p>\n","protected":false},"author":1,"featured_media":0,"parent":15,"menu_order":1,"comment_status":"closed","ping_status":"closed","template":"","meta":[],"_links":{"self":[{"href":"http:\/\/oekologische-gutachten-handke.de\/index.php?rest_route=\/wp\/v2\/pages\/21"}],"collection":[{"href":"http:\/\/oekologische-gutachten-handke.de\/index.php?rest_route=\/wp\/v2\/pages"}],"about":[{"href":"http:\/\/oekologische-gutachten-handke.de\/index.php?rest_route=\/wp\/v2\/types\/page"}],"author":[{"embeddable":true,"href":"http:\/\/oekologische-gutachten-handke.de\/index.php?rest_route=\/wp\/v2\/users\/1"}],"replies":[{"embeddable":true,"href":"http:\/\/oekologische-gutachten-handke.de\/index.php?rest_route=%2Fwp%2Fv2%2Fcomments&post=21"}],"version-history":[{"count":8,"href":"http:\/\/oekologische-gutachten-handke.de\/index.php?rest_route=\/wp\/v2\/pages\/21\/revisions"}],"predecessor-version":[{"id":257,"href":"http:\/\/oekologische-gutachten-handke.de\/index.php?rest_route=\/wp\/v2\/pages\/21\/revisions\/257"}],"up":[{"embeddable":true,"href":"http:\/\/oekologische-gutachten-handke.de\/index.php?rest_route=\/wp\/v2\/pages\/15"}],"wp:attachment":[{"href":"http:\/\/oekologische-gutachten-handke.de\/index.php?rest_route=%2Fwp%2Fv2%2Fmedia&parent=21"}],"curies":[{"name":"wp","href":"https:\/\/api.w.org\/{rel}","templated":true}]}}