{"id":23,"date":"2017-07-26T07:18:53","date_gmt":"2017-07-26T07:18:53","guid":{"rendered":"http:\/\/oekologische-gutachten-handke.de\/?page_id=23"},"modified":"2022-01-04T13:26:40","modified_gmt":"2022-01-04T13:26:40","slug":"veroeffentlichungen","status":"publish","type":"page","link":"http:\/\/oekologische-gutachten-handke.de\/?page_id=23","title":{"rendered":"Publikationen"},"content":{"rendered":"<p align=\"justify\">Seit vielen Jahren sind wir im Bereich landschafts\u00f6kologischer Forschung t\u00e4tig, was durch viele Ver\u00f6ffentlichungen dokumentiert ist. Seit 1980 ver\u00f6ffentlichte Dr. Klaus Handke \u00fcber 120 wissenschaftliche Arbeiten.<\/p>\n<p align=\"justify\">Unter Mitarbeit seiner entstanden eine Avifauna von Saarbr\u00fccken sowie wissenschaftliche Tagungsb\u00e4nde zu den Themen V\u00f6gel und Windkraft, \u00dcberstauung, Gr\u00fcndland und Gr\u00e4ben. Eine Liste aller wissenschaftlichen Ver\u00f6ffentlichungen von 1980 bis 2010 finden Sie <a href=\"http:\/\/oekologische-gutachten-handke.de\/wp-content\/uploads\/2017\/07\/Liste_Veroeffentlichungen.pdf\">hier<\/a>. Nachfolgend werden Ihnen ausgew\u00e4hlte Ver\u00f6ffentlichungen als Download zur Verf\u00fcgung gestellt.<\/p>\n<h5><span style=\"color: #008000;\">Auswahl an Publikationen<\/span><\/h5>\n<p>Handke, K. (2017 \u2013 2021): Kartierung von Wiesenlimikolen und ausgew\u00e4hlten Wirbellosen im NSG Ochtumniederung bei Brokhuchting in den Jahren 2017 &#8211; 2021<\/p>\n<p>Handke, K., Handke, P. &amp; H. Lambracht (2019): Insektenfreundliche G\u00e4rten. Fuhrenkamp-Schutzverein e.V., 27 S.<\/p>\n<p>Handke, K., handke, P. &amp; H. Lambracht (2015): Die Gemeinde Ganderkesee aus der Vogelperspektive. Asco Sturm Druck, Bremen, 124 S.<\/p>\n<p>Handke, K. &amp; P. Handke (2012): Der Hasbruch und seine Brutv\u00f6gel. Spechte, Kleiber &amp; Co. Verlag Rieck, Delmenhorst. Bremen, 124 S.<\/p>\n<p><a href=\"http:\/\/oekologische-gutachten-handke.de\/wp-content\/uploads\/2017\/07\/Veroeffentlichung3.pdf\">HANDKE, K., KUNZE, K., NAGLER, A., TESCH, A. &amp; A. THEILEN (2010): Das Integrierte Erfassungsprogramm Bremen \u2013 Ans\u00e4tze zur B\u00fcndelung und Optimierung von Kartierungen f\u00fcr den Naturschutz. Naturschutz und Biologische Vielfalt (BfN) 83: 197-209.<\/a><\/p>\n<p><a href=\"http:\/\/oekologische-gutachten-handke.de\/wp-content\/uploads\/2017\/07\/Veroeffentlichung1.pdf\">HANDKE, K. &amp; F. HELLBERG (2007): Entwicklung eines Zielartenkonzeptes f\u00fcr Bremen als Grundlage f\u00fcr ein Naturschutzmonitoring. Naturschutz und Landschaftsplanung 39(2): 37-45.<\/a><\/p>\n<p align=\"justify\"><a href=\"http:\/\/oekologische-gutachten-handke.de\/wp-content\/uploads\/2017\/07\/Veroeffentlichung4.pdf\">HANDKE, K., ADENA, J. &amp; P. HANDKE (2006): Landschafts\u00f6kologische Untersuchungen auf dem Golfplatz Achim (Niedersachsen). Naturschutz &amp; Landschaftsplanung 38(7): 214-224.<\/a><\/p>\n<p align=\"justify\"><a href=\"http:\/\/oekologische-gutachten-handke.de\/wp-content\/uploads\/2017\/07\/Veroeffentlichung2.pdf\">HANDKE, K. &amp; M. REICHENBACH (2006): Nationale und internationale methodische Anforderungen an die Erfassung von V\u00f6geln f\u00fcr Windparkplanungen \u2013 Erfahrungen und Empfehlungen. Beitrag zur Tagung \u201eWindenergie \u2013 neue Entwicklungen, Repowering und Naturschutz\u201c<\/a><\/p>\n<p align=\"justify\"><a href=\"http:\/\/oekologische-gutachten-handke.de\/wp-content\/uploads\/2017\/07\/Veroeffentlichung5.pdf\">GROTJAHN, F. &amp; K. HANDKE (2000): Ver\u00e4nderungen der Heuschreckenfauna der Bremer Flussmarschen 1986 bis 1997. Naturschutz u. Landschaftsplanung 32(4): 97-105.<\/a><\/p>\n","protected":false},"excerpt":{"rendered":"<p>Seit vielen Jahren sind wir im Bereich landschafts\u00f6kologischer Forschung t\u00e4tig, was durch viele Ver\u00f6ffentlichungen dokumentiert ist. Seit 1980 ver\u00f6ffentlichte Dr. Klaus Handke \u00fcber 120 wissenschaftliche Arbeiten. Unter Mitarbeit seiner entstanden eine Avifauna von Saarbr\u00fccken sowie wissenschaftliche Tagungsb\u00e4nde zu den Themen V\u00f6gel und Windkraft, \u00dcberstauung, Gr\u00fcndland und Gr\u00e4ben. Eine Liste aller wissenschaftlichen Ver\u00f6ffentlichungen von 1980 bis &hellip; <\/p>\n<p class=\"link-more\"><a href=\"http:\/\/oekologische-gutachten-handke.de\/?page_id=23\" class=\"more-link\"><span class=\"screen-reader-text\">\u201ePublikationen\u201c<\/span> weiterlesen<\/a><\/p>\n","protected":false},"author":1,"featured_media":0,"parent":0,"menu_order":0,"comment_status":"closed","ping_status":"closed","template":"","meta":[],"_links":{"self":[{"href":"http:\/\/oekologische-gutachten-handke.de\/index.php?rest_route=\/wp\/v2\/pages\/23"}],"collection":[{"href":"http:\/\/oekologische-gutachten-handke.de\/index.php?rest_route=\/wp\/v2\/pages"}],"about":[{"href":"http:\/\/oekologische-gutachten-handke.de\/index.php?rest_route=\/wp\/v2\/types\/page"}],"author":[{"embeddable":true,"href":"http:\/\/oekologische-gutachten-handke.de\/index.php?rest_route=\/wp\/v2\/users\/1"}],"replies":[{"embeddable":true,"href":"http:\/\/oekologische-gutachten-handke.de\/index.php?rest_route=%2Fwp%2Fv2%2Fcomments&post=23"}],"version-history":[{"count":12,"href":"http:\/\/oekologische-gutachten-handke.de\/index.php?rest_route=\/wp\/v2\/pages\/23\/revisions"}],"predecessor-version":[{"id":456,"href":"http:\/\/oekologische-gutachten-handke.de\/index.php?rest_route=\/wp\/v2\/pages\/23\/revisions\/456"}],"wp:attachment":[{"href":"http:\/\/oekologische-gutachten-handke.de\/index.php?rest_route=%2Fwp%2Fv2%2Fmedia&parent=23"}],"curies":[{"name":"wp","href":"https:\/\/api.w.org\/{rel}","templated":true}]}}