{"id":281,"date":"2018-05-27T15:00:08","date_gmt":"2018-05-27T15:00:08","guid":{"rendered":"http:\/\/oekologische-gutachten-handke.de\/?page_id=281"},"modified":"2018-05-27T15:17:24","modified_gmt":"2018-05-27T15:17:24","slug":"datenschutzerklaerung","status":"publish","type":"page","link":"http:\/\/oekologische-gutachten-handke.de\/?page_id=281","title":{"rendered":"Datenschutzerkl\u00e4rung"},"content":{"rendered":"<h2>Wer wir sind<\/h2>\n<p>Die Adresse unserer Website ist: http:\/\/oekologische-gutachten-handke.de<\/p>\n<h2>Welche personenbezogenen Daten wir sammeln und warum wir sie sammeln<\/h2>\n<p>Sie haben die M\u00f6glichkeit, \u00fcber verschiedene Wege\u00a0(E-Mail, Telefon oder Fax) mit uns Kontakt zu unterschiedlichen Zwecken aufzunehmen. Die so von Ihnen \u00fcbermittelten Daten verwenden wir allein dazu, um Ihr Anliegen zu bearbeiten. Sie werden nach Erledigung wieder gel\u00f6scht, sofern eine Aufbewahrung nicht aus anderen Gr\u00fcnden erforderlich ist.<br \/>\nOhne Ihre ausdr\u00fcckliche Zustimmung werden diese<br \/>\nDaten nicht an Dritte weitergegeben.<br \/>\n\u00dcber diese Homepage werden keine personbezogenen Daten erhoben, verarbeitet oder gespeichert.<\/p>\n<h3>Cookies<\/h3>\n<p>Falls Sie ein Konto haben und sich auf dieser Website anmelden, werden wir ein tempor\u00e4res Cookie setzen, um festzustellen, ob ihr Browser Cookies akzeptiert. Dieses Cookie enth\u00e4lt keine personenbezogenen Daten und wird verworfen, wenn Sie ihren Browser schlie\u00dfen.<\/p>\n<p>Wenn Sie sich anmelden, werden wir einige Cookies einrichten, um ihre Anmeldeinformationen und Anzeigeoptionen zu speichern. Anmelde-Cookies verfallen nach zwei Tagen und Cookies f\u00fcr die Anzeigeoptionen nach einem Jahr. Falls Sie bei der Anmeldung \u201eAngemeldet bleiben\u201c ausw\u00e4hlen, wird ihre Anmeldung zwei Wochen lang aufrechterhalten. Mit der Abmeldung aus ihrem Konto werden die Anmelde-Cookies gel\u00f6scht.<\/p>\n<p>Wenn Sie einen Artikel bearbeiten oder ver\u00f6ffentlichen, wird ein zus\u00e4tzlicher Cookie in ihrem Browser gespeichert. Dieser Cookie enth\u00e4lt keine personenbezogenen Daten und verweist nur auf die Beitrags-ID des Artikels, den Sie gerade bearbeitet haben. Der Cookie verf\u00e4llt nach einem Tag.<\/p>\n<h2>Ihre Kontakt-Informationen<\/h2>\n<p>Bei Fragen zu unserer Datenschutzerkl\u00e4rung wenden Sie sich an: <a href=\"mailto:%20k.handke@oekologische-gutachten.de\">k.handke@oekologische-gutachten.de <\/a><\/p>\n<h2>Weitere Informationen<\/h2>\n<p>Diese Webseite wurde erstellt unter Verwendung von <a href=\"https:\/\/de.wordpress.org\/\">WordPress<\/a>. Die Datenschutzerkl\u00e4rung finden Sie unter <a href=\"https:\/\/de.wordpress.org\/about\/privacy\/\">Datenschutzerkl\u00e4rung<\/a>.<\/p>\n<p>&nbsp;<\/p>\n<p>&nbsp;<\/p>\n<p>&nbsp;<\/p>\n<p>&nbsp;<\/p>\n<p>&nbsp;<\/p>\n<p>&nbsp;<\/p>\n<p>&nbsp;<\/p>\n","protected":false},"excerpt":{"rendered":"<p>Wer wir sind Die Adresse unserer Website ist: http:\/\/oekologische-gutachten-handke.de Welche personenbezogenen Daten wir sammeln und warum wir sie sammeln Sie haben die M\u00f6glichkeit, \u00fcber verschiedene Wege\u00a0(E-Mail, Telefon oder Fax) mit uns Kontakt zu unterschiedlichen Zwecken aufzunehmen. Die so von Ihnen \u00fcbermittelten Daten verwenden wir allein dazu, um Ihr Anliegen zu bearbeiten. Sie werden nach Erledigung &hellip; <\/p>\n<p class=\"link-more\"><a href=\"http:\/\/oekologische-gutachten-handke.de\/?page_id=281\" class=\"more-link\"><span class=\"screen-reader-text\">\u201eDatenschutzerkl\u00e4rung\u201c<\/span> weiterlesen<\/a><\/p>\n","protected":false},"author":1,"featured_media":0,"parent":0,"menu_order":0,"comment_status":"closed","ping_status":"closed","template":"","meta":[],"_links":{"self":[{"href":"http:\/\/oekologische-gutachten-handke.de\/index.php?rest_route=\/wp\/v2\/pages\/281"}],"collection":[{"href":"http:\/\/oekologische-gutachten-handke.de\/index.php?rest_route=\/wp\/v2\/pages"}],"about":[{"href":"http:\/\/oekologische-gutachten-handke.de\/index.php?rest_route=\/wp\/v2\/types\/page"}],"author":[{"embeddable":true,"href":"http:\/\/oekologische-gutachten-handke.de\/index.php?rest_route=\/wp\/v2\/users\/1"}],"replies":[{"embeddable":true,"href":"http:\/\/oekologische-gutachten-handke.de\/index.php?rest_route=%2Fwp%2Fv2%2Fcomments&post=281"}],"version-history":[{"count":4,"href":"http:\/\/oekologische-gutachten-handke.de\/index.php?rest_route=\/wp\/v2\/pages\/281\/revisions"}],"predecessor-version":[{"id":289,"href":"http:\/\/oekologische-gutachten-handke.de\/index.php?rest_route=\/wp\/v2\/pages\/281\/revisions\/289"}],"wp:attachment":[{"href":"http:\/\/oekologische-gutachten-handke.de\/index.php?rest_route=%2Fwp%2Fv2%2Fmedia&parent=281"}],"curies":[{"name":"wp","href":"https:\/\/api.w.org\/{rel}","templated":true}]}}